{"id":95,"date":"2011-10-09T18:14:19","date_gmt":"2011-10-09T18:14:19","guid":{"rendered":"http:\/\/pension-may.de\/pension\/?page_id=95"},"modified":"2020-09-26T11:19:10","modified_gmt":"2020-09-26T11:19:10","slug":"gesundheit-erholung","status":"publish","type":"page","link":"https:\/\/pension-may.de\/pension\/?page_id=95","title":{"rendered":"Gesundheit &#038; Erholung"},"content":{"rendered":"<p><span style=\"color: #333333;\"><strong>Kuren<\/strong><\/span><br \/>\nWenn Sie im Urlaub gezielt etwas f\u00fcr Ihre Gesundheit tun wollen,<br \/>\nk\u00f6nnen Ihnen attraktive Programme zur Gesundheitsvorsorge angeboten werden. Unter anderem Ambulante Kurma\u00dfnahmen, wie sie im Kurhaus (Neuhaus) durchgef\u00fchrt werden.<\/p>\n<p><a href=\"http:\/\/www.tourismus-nes.de\/kurhaus.html\" target=\"_blank\" rel=\"noopener noreferrer\">Mehr zum Thema KURHAUS &#8211; Bad Neustadt finden Sie hier<\/a><\/p>\n<p><strong>Gesundheit<\/strong><br \/>\nWeiterhin bietet Ihnen Bad Neustadt\/Saale modern ausgestattete Vorsorge- und Rehabilitationskliniken. Mittelpunkt des Klinikums ist die Herz- und Gef\u00e4\u00dfklinik. Eine Klinik f\u00fcr Handchirurgie, Psychosomatische- und Neurologie runden das Spektrum an Kliniken ab.<\/p>\n<p>&nbsp;<\/p>\n","protected":false},"excerpt":{"rendered":"<p>Kuren Wenn Sie im Urlaub gezielt etwas f\u00fcr Ihre Gesundheit tun wollen, k\u00f6nnen Ihnen attraktive Programme zur Gesundheitsvorsorge angeboten werden. Unter anderem Ambulante Kurma\u00dfnahmen, wie sie im Kurhaus (Neuhaus) durchgef\u00fchrt werden. Mehr zum Thema KURHAUS &#8211; Bad Neustadt finden Sie &hellip; <a href=\"https:\/\/pension-may.de\/pension\/?page_id=95\">Weiterlesen <span class=\"meta-nav\">&rarr;<\/span><\/a><\/p>\n","protected":false},"author":1,"featured_media":0,"parent":0,"menu_order":1,"comment_status":"closed","ping_status":"closed","template":"","meta":{"ngg_post_thumbnail":0,"footnotes":""},"class_list":["post-95","page","type-page","status-publish","hentry"],"_links":{"self":[{"href":"https:\/\/pension-may.de\/pension\/index.php?rest_route=\/wp\/v2\/pages\/95","targetHints":{"allow":["GET"]}}],"collection":[{"href":"https:\/\/pension-may.de\/pension\/index.php?rest_route=\/wp\/v2\/pages"}],"about":[{"href":"https:\/\/pension-may.de\/pension\/index.php?rest_route=\/wp\/v2\/types\/page"}],"author":[{"embeddable":true,"href":"https:\/\/pension-may.de\/pension\/index.php?rest_route=\/wp\/v2\/users\/1"}],"replies":[{"embeddable":true,"href":"https:\/\/pension-may.de\/pension\/index.php?rest_route=%2Fwp%2Fv2%2Fcomments&post=95"}],"version-history":[{"count":32,"href":"https:\/\/pension-may.de\/pension\/index.php?rest_route=\/wp\/v2\/pages\/95\/revisions"}],"predecessor-version":[{"id":906,"href":"https:\/\/pension-may.de\/pension\/index.php?rest_route=\/wp\/v2\/pages\/95\/revisions\/906"}],"wp:attachment":[{"href":"https:\/\/pension-may.de\/pension\/index.php?rest_route=%2Fwp%2Fv2%2Fmedia&parent=95"}],"curies":[{"name":"wp","href":"https:\/\/api.w.org\/{rel}","templated":true}]}}