{"id":66,"date":"2011-10-09T10:41:34","date_gmt":"2011-10-09T10:41:34","guid":{"rendered":"http:\/\/pension-may.de\/pension\/?page_id=66"},"modified":"2022-10-09T06:49:49","modified_gmt":"2022-10-09T06:49:49","slug":"zimmer","status":"publish","type":"page","link":"https:\/\/pension-may.de\/pension\/?page_id=66","title":{"rendered":"Zimmer"},"content":{"rendered":"<p><em><span style=\"color: #333333;\"><strong>Moderne Komfortzimmer \/ DU\/WC, Schreibtisch, Flachbild TV&nbsp;<\/strong><\/span><span style=\"color: #333333;\"><strong>&nbsp;und WLAN.<br \/><\/strong><\/span><\/em><\/p>\n<p><em><strong>Auf R\u00fccksicht auf die nachfolgenden G\u00e4ste bleiben unsere Wohnungen und Zimmer rauchfrei. Raucherb\u00e4nke finden Sie am Hause.<\/strong><\/em><\/p>\n<p><em>Das Mitbringen von Tieren ist nicht gestattet.<\/em><\/p>\n<p><em>Alle Preise inkl. der gesetzlichen Mehrwertsteuer.<\/em><\/p>\n\n<table id=\"tablepress-1\" class=\"tablepress tablepress-id-1\">\n<thead>\n<tr class=\"row-1\">\n\t<th class=\"column-1\">Preise pro Nacht<br \/>\naktuell ohne Fr\u00fchst\u00fcck <\/th><th class=\"column-2\">DZ als Einzelzimmerbelegung<br \/>\nab 3 \u00dcbern. buchbar<\/th><th class=\"column-3\">Doppelzimmer<\/th>\n<\/tr>\n<\/thead>\n<tbody class=\"row-striping row-hover\">\n<tr class=\"row-2\">\n\t<td class=\"column-1\">      1. Nacht<\/td><td class=\"column-2\"><\/td><td class=\"column-3\">80.- \u20ac<\/td>\n<\/tr>\n<tr class=\"row-3\">\n\t<td class=\"column-1\">ab 2. Nacht <\/td><td class=\"column-2\"><\/td><td class=\"column-3\">70.- \u20ac<\/td>\n<\/tr>\n<tr class=\"row-4\">\n\t<td class=\"column-1\">ab 3. Nacht <\/td><td class=\"column-2\">45.- \u20ac<\/td><td class=\"column-3\">70.- \u20ac<\/td>\n<\/tr>\n<\/tbody>\n<\/table>\n<!-- #tablepress-1 from cache -->\n\n\n<p><\/p>\n","protected":false},"excerpt":{"rendered":"<p>Moderne Komfortzimmer \/ DU\/WC, Schreibtisch, Flachbild TV&nbsp;&nbsp;und WLAN. Auf R\u00fccksicht auf die nachfolgenden G\u00e4ste bleiben unsere Wohnungen und Zimmer rauchfrei. Raucherb\u00e4nke finden Sie am Hause. Das Mitbringen von Tieren ist nicht gestattet. Alle Preise inkl. der gesetzlichen Mehrwertsteuer.<\/p>\n","protected":false},"author":1,"featured_media":82,"parent":0,"menu_order":2,"comment_status":"closed","ping_status":"closed","template":"","meta":{"ngg_post_thumbnail":0,"footnotes":""},"class_list":["post-66","page","type-page","status-publish","has-post-thumbnail","hentry"],"_links":{"self":[{"href":"https:\/\/pension-may.de\/pension\/index.php?rest_route=\/wp\/v2\/pages\/66","targetHints":{"allow":["GET"]}}],"collection":[{"href":"https:\/\/pension-may.de\/pension\/index.php?rest_route=\/wp\/v2\/pages"}],"about":[{"href":"https:\/\/pension-may.de\/pension\/index.php?rest_route=\/wp\/v2\/types\/page"}],"author":[{"embeddable":true,"href":"https:\/\/pension-may.de\/pension\/index.php?rest_route=\/wp\/v2\/users\/1"}],"replies":[{"embeddable":true,"href":"https:\/\/pension-may.de\/pension\/index.php?rest_route=%2Fwp%2Fv2%2Fcomments&post=66"}],"version-history":[{"count":77,"href":"https:\/\/pension-may.de\/pension\/index.php?rest_route=\/wp\/v2\/pages\/66\/revisions"}],"predecessor-version":[{"id":1041,"href":"https:\/\/pension-may.de\/pension\/index.php?rest_route=\/wp\/v2\/pages\/66\/revisions\/1041"}],"wp:featuredmedia":[{"embeddable":true,"href":"https:\/\/pension-may.de\/pension\/index.php?rest_route=\/wp\/v2\/media\/82"}],"wp:attachment":[{"href":"https:\/\/pension-may.de\/pension\/index.php?rest_route=%2Fwp%2Fv2%2Fmedia&parent=66"}],"curies":[{"name":"wp","href":"https:\/\/api.w.org\/{rel}","templated":true}]}}