{"id":55,"date":"2011-10-08T20:10:20","date_gmt":"2011-10-08T20:10:20","guid":{"rendered":"http:\/\/pension-may.de\/pension\/?page_id=55"},"modified":"2025-09-29T19:57:11","modified_gmt":"2025-09-29T18:57:11","slug":"pension-may-2","status":"publish","type":"page","link":"https:\/\/pension-may.de\/pension\/","title":{"rendered":""},"content":{"rendered":"\n<p class=\"has-text-color has-link-color has-large-font-size wp-elements-23d7964ccc7b5fd97f5a0441860fef3d\" style=\"color:#c90101\"><strong> <\/strong><\/p>\n\n\n\n<p><\/p>\n\n\n\n<p><\/p>\n\n\n\n<p><\/p>\n\n\n\n<p class=\"has-text-color has-link-color has-medium-font-size wp-elements-032b133757b48ac420bed10aa3928e08\" style=\"color:#c90101\"><\/p>\n\n\n\n<p><\/p>\n\n\n\n<p class=\"has-medium-font-size\"><\/p>\n\n\n<h2><strong>Ruhe und Erholung in N\u00e4he des <a href=\"http:\/\/www.rhoen-klinikum-ag.com\/\" target=\"_blank\" rel=\"noopener noreferrer\">Rh\u00f6n-Klinikums<\/a><\/strong><\/h2>\n<p>In unseren Komfortzimmern mit DU\/WC, Schreibtisch, Flachbild TV\/Telefon, K\u00fchlschrank ( ein Zimmer mit Balkon ) und kostenfreiem Internet und WLAN garantieren wir Ihnen einen angenehmen Aufenthalt.<\/p>\n<p><span style=\"color: #808080;\"><strong>5 Gehminuten zur Neurologischen Klinik,<\/strong><\/span><br \/><span style=\"color: #808080;\"> <strong> 10 Gehminuten zur Herz- und Gef\u00e4\u00dfklinik, Klinik f\u00fcr Handchirurgie,<br \/>20 Gehminuten Psychosomatischen Klinik.<\/strong><\/span><\/p>\nngg_shortcode_0_placeholder\n<h2>&nbsp;<\/h2>\n<p>&nbsp;<\/p>\n<p>Pension May, Finkenweg 7, 97616 Bad Neustadt \/ OT Herschfeld, 09771-61150<\/p>","protected":false},"excerpt":{"rendered":"<p>Ruhe und Erholung in N\u00e4he des Rh\u00f6n-Klinikums In unseren Komfortzimmern mit DU\/WC, Schreibtisch, Flachbild TV\/Telefon, K\u00fchlschrank ( ein Zimmer mit Balkon ) und kostenfreiem Internet und WLAN garantieren wir Ihnen einen angenehmen Aufenthalt. 5 Gehminuten zur Neurologischen Klinik, 10 Gehminuten &hellip; <a href=\"https:\/\/pension-may.de\/pension\/\">Weiterlesen <span class=\"meta-nav\">&rarr;<\/span><\/a><\/p>\n","protected":false},"author":1,"featured_media":0,"parent":0,"menu_order":1,"comment_status":"closed","ping_status":"closed","template":"","meta":{"ngg_post_thumbnail":0,"footnotes":""},"class_list":["post-55","page","type-page","status-publish","hentry"],"_links":{"self":[{"href":"https:\/\/pension-may.de\/pension\/index.php?rest_route=\/wp\/v2\/pages\/55","targetHints":{"allow":["GET"]}}],"collection":[{"href":"https:\/\/pension-may.de\/pension\/index.php?rest_route=\/wp\/v2\/pages"}],"about":[{"href":"https:\/\/pension-may.de\/pension\/index.php?rest_route=\/wp\/v2\/types\/page"}],"author":[{"embeddable":true,"href":"https:\/\/pension-may.de\/pension\/index.php?rest_route=\/wp\/v2\/users\/1"}],"replies":[{"embeddable":true,"href":"https:\/\/pension-may.de\/pension\/index.php?rest_route=%2Fwp%2Fv2%2Fcomments&post=55"}],"version-history":[{"count":107,"href":"https:\/\/pension-may.de\/pension\/index.php?rest_route=\/wp\/v2\/pages\/55\/revisions"}],"predecessor-version":[{"id":1179,"href":"https:\/\/pension-may.de\/pension\/index.php?rest_route=\/wp\/v2\/pages\/55\/revisions\/1179"}],"wp:attachment":[{"href":"https:\/\/pension-may.de\/pension\/index.php?rest_route=%2Fwp%2Fv2%2Fmedia&parent=55"}],"curies":[{"name":"wp","href":"https:\/\/api.w.org\/{rel}","templated":true}]}}