{"id":43,"date":"2011-10-08T19:40:08","date_gmt":"2011-10-08T19:40:08","guid":{"rendered":"http:\/\/pension-may.de\/pension\/?page_id=43"},"modified":"2024-03-03T13:20:46","modified_gmt":"2024-03-03T12:20:46","slug":"impressum","status":"publish","type":"page","link":"https:\/\/pension-may.de\/pension\/?page_id=43","title":{"rendered":"Impressum"},"content":{"rendered":"<p><strong>Rosi Bohn<\/strong><br \/>\nFinkenweg 7<br \/>\n97616 Bad Neustadt<br \/>\nSteuer-Nr.: 206\/206\/30315<br \/>\nTelefon: +49 9771 6115-0<br \/>\nE-Mail: <a href=\"mailto:pension@pension-may.de\">pension@pension-may.de<\/a><br \/>\nInternet: <a href=\"http:\/\/www.pension-may.de\/\">www.pension-may.de<\/a><\/p>\n<p>Haftungshinweis: Trotz sorgf\u00e4ltiger inhaltlicher Kontrolle \u00fcbernehmen wir keine Haftung f\u00fcr die Inhalte externer Links. F\u00fcr den Inhalt der verlinkten Seiten sind ausschlie\u00dflich deren Betreiber verantwortlich.<\/p>\n","protected":false},"excerpt":{"rendered":"<p>Rosi Bohn Finkenweg 7 97616 Bad Neustadt Steuer-Nr.: 206\/206\/30315 Telefon: +49 9771 6115-0 E-Mail: pension@pension-may.de Internet: www.pension-may.de Haftungshinweis: Trotz sorgf\u00e4ltiger inhaltlicher Kontrolle \u00fcbernehmen wir keine Haftung f\u00fcr die Inhalte externer Links. F\u00fcr den Inhalt der verlinkten Seiten sind ausschlie\u00dflich deren &hellip; <a href=\"https:\/\/pension-may.de\/pension\/?page_id=43\">Weiterlesen <span class=\"meta-nav\">&rarr;<\/span><\/a><\/p>\n","protected":false},"author":1,"featured_media":0,"parent":0,"menu_order":7,"comment_status":"closed","ping_status":"closed","template":"","meta":{"ngg_post_thumbnail":0,"footnotes":""},"class_list":["post-43","page","type-page","status-publish","hentry"],"_links":{"self":[{"href":"https:\/\/pension-may.de\/pension\/index.php?rest_route=\/wp\/v2\/pages\/43","targetHints":{"allow":["GET"]}}],"collection":[{"href":"https:\/\/pension-may.de\/pension\/index.php?rest_route=\/wp\/v2\/pages"}],"about":[{"href":"https:\/\/pension-may.de\/pension\/index.php?rest_route=\/wp\/v2\/types\/page"}],"author":[{"embeddable":true,"href":"https:\/\/pension-may.de\/pension\/index.php?rest_route=\/wp\/v2\/users\/1"}],"replies":[{"embeddable":true,"href":"https:\/\/pension-may.de\/pension\/index.php?rest_route=%2Fwp%2Fv2%2Fcomments&post=43"}],"version-history":[{"count":19,"href":"https:\/\/pension-may.de\/pension\/index.php?rest_route=\/wp\/v2\/pages\/43\/revisions"}],"predecessor-version":[{"id":976,"href":"https:\/\/pension-may.de\/pension\/index.php?rest_route=\/wp\/v2\/pages\/43\/revisions\/976"}],"wp:attachment":[{"href":"https:\/\/pension-may.de\/pension\/index.php?rest_route=%2Fwp%2Fv2%2Fmedia&parent=43"}],"curies":[{"name":"wp","href":"https:\/\/api.w.org\/{rel}","templated":true}]}}