{"id":28,"date":"2011-10-08T19:18:13","date_gmt":"2011-10-08T19:18:13","guid":{"rendered":"http:\/\/pension-may.de\/pension\/?page_id=28"},"modified":"2023-03-21T22:22:08","modified_gmt":"2023-03-21T22:22:08","slug":"wohnung-zimmer","status":"publish","type":"page","link":"https:\/\/pension-may.de\/pension\/?page_id=28","title":{"rendered":"Wohnungen"},"content":{"rendered":"<p>Wir bieten Studios und Apartments f\u00fcr l\u00e4ngerfristige Aufenthalte an.<\/p>\n<p>Alle Preise sind inkl. gesetzlichen Mehrwertsteuer, pro Monat und f\u00fcr eine Person,<\/p>\n<p>ohne W\u00e4sche und Reinigung .<\/p>\n<p><strong>Auf R\u00fccksicht auf die nachfolgenden G\u00e4ste bleiben unsere Wohnungen und Zimmer rauchfrei<\/strong>.<\/p>\n<p>Das Mitbringen von Tieren ist nicht gestattet.<strong><br \/><\/strong><\/p>\n\n<table id=\"tablepress-2\" class=\"tablepress tablepress-id-2\" aria-describedby=\"tablepress-2-description\">\n<thead>\n<tr class=\"row-1\">\n\t<th class=\"column-1\">Typ<\/th><th class=\"column-2\">Zimmer<\/th><th class=\"column-3\">K\u00fcche<\/th><th class=\"column-4\">Bad \/ WC<\/th><th class=\"column-5\">Dusche \/ WC<\/th><th class=\"column-6\">TV<\/th><th class=\"column-7\">Telefon \/ Internet<\/th><th class=\"column-8\">Preis\/m.<\/th>\n<\/tr>\n<\/thead>\n<tbody class=\"row-striping row-hover\">\n<tr class=\"row-2\">\n\t<td class=\"column-1\">50 qm<\/td><td class=\"column-2\">2<\/td><td class=\"column-3\">X<\/td><td class=\"column-4\"><\/td><td class=\"column-5\">x<\/td><td class=\"column-6\">O<\/td><td class=\"column-7\">O<\/td><td class=\"column-8\">Preise auf Anfrage,<br \/>\nnach Mietdauer <\/td>\n<\/tr>\n<tr class=\"row-3\">\n\t<td class=\"column-1\">Appartment<\/td><td class=\"column-2\">1<\/td><td class=\"column-3\">X<\/td><td class=\"column-4\"><\/td><td class=\"column-5\">X<\/td><td class=\"column-6\">O<\/td><td class=\"column-7\">O<\/td><td class=\"column-8\">          \"<\/td>\n<\/tr>\n<tr class=\"row-4\">\n\t<td class=\"column-1\">Studio<\/td><td class=\"column-2\">1<\/td><td class=\"column-3\">X<\/td><td class=\"column-4\"><\/td><td class=\"column-5\">X<\/td><td class=\"column-6\">O<\/td><td class=\"column-7\">O<\/td><td class=\"column-8\">          \"<\/td>\n<\/tr>\n<\/tbody>\n<\/table>\n<span id=\"tablepress-2-description\" class=\"tablepress-table-description tablepress-table-description-id-2\">O = optional, Bereitstellung von TV-, Telefon- und WLAN-Anschluss m\u00f6glich<br \/>\nX = vorhanden<\/span>\n<!-- #tablepress-2 from cache -->\nngg_shortcode_0_placeholder\n<p>Kaution ( eine Monatsmiete ) und Endreinigung ab 50 &#8211; 75 Euro bei Abreise.<\/p>\n\n\n<p><\/p>\n\n\n\n<p><\/p>\n\n\n\n<p><\/p>\n","protected":false},"excerpt":{"rendered":"<p>Wir bieten Studios und Apartments f\u00fcr l\u00e4ngerfristige Aufenthalte an. Alle Preise sind inkl. gesetzlichen Mehrwertsteuer, pro Monat und f\u00fcr eine Person, ohne W\u00e4sche und Reinigung . Auf R\u00fccksicht auf die nachfolgenden G\u00e4ste bleiben unsere Wohnungen und Zimmer rauchfrei. Das Mitbringen &hellip; <a href=\"https:\/\/pension-may.de\/pension\/?page_id=28\">Weiterlesen <span class=\"meta-nav\">&rarr;<\/span><\/a><\/p>\n","protected":false},"author":1,"featured_media":0,"parent":0,"menu_order":1,"comment_status":"closed","ping_status":"closed","template":"","meta":{"ngg_post_thumbnail":0,"footnotes":""},"class_list":["post-28","page","type-page","status-publish","hentry"],"_links":{"self":[{"href":"https:\/\/pension-may.de\/pension\/index.php?rest_route=\/wp\/v2\/pages\/28","targetHints":{"allow":["GET"]}}],"collection":[{"href":"https:\/\/pension-may.de\/pension\/index.php?rest_route=\/wp\/v2\/pages"}],"about":[{"href":"https:\/\/pension-may.de\/pension\/index.php?rest_route=\/wp\/v2\/types\/page"}],"author":[{"embeddable":true,"href":"https:\/\/pension-may.de\/pension\/index.php?rest_route=\/wp\/v2\/users\/1"}],"replies":[{"embeddable":true,"href":"https:\/\/pension-may.de\/pension\/index.php?rest_route=%2Fwp%2Fv2%2Fcomments&post=28"}],"version-history":[{"count":69,"href":"https:\/\/pension-may.de\/pension\/index.php?rest_route=\/wp\/v2\/pages\/28\/revisions"}],"predecessor-version":[{"id":1077,"href":"https:\/\/pension-may.de\/pension\/index.php?rest_route=\/wp\/v2\/pages\/28\/revisions\/1077"}],"wp:attachment":[{"href":"https:\/\/pension-may.de\/pension\/index.php?rest_route=%2Fwp%2Fv2%2Fmedia&parent=28"}],"curies":[{"name":"wp","href":"https:\/\/api.w.org\/{rel}","templated":true}]}}