{"id":258,"date":"2011-10-19T20:55:41","date_gmt":"2011-10-19T20:55:41","guid":{"rendered":"http:\/\/pension-may.de\/pension\/?page_id=258"},"modified":"2024-03-03T13:45:58","modified_gmt":"2024-03-03T12:45:58","slug":"anfahrt","status":"publish","type":"page","link":"https:\/\/pension-may.de\/pension\/?page_id=258","title":{"rendered":"Anfahrt"},"content":{"rendered":"<p><span style=\"color: #333333;\"><strong>So finden Sie uns:<\/strong><\/span><\/p>\n<p>In Bad Neustadt folgen Sie der Beschilderung &#8222;Rh\u00f6nklinikum&#8220; durch Herschfeld und biegen an der letzten Kreuzung vor dem Ortsausgang rechts in die Sportstra\u00dfe, nach weiteren 20 m links in den Finkenweg ab. Parkpl\u00e4tze und Unterstellm\u00f6glichkeiten f\u00fcr Motorr\u00e4der am Haus.<\/p>\n<p><strong>Google-Maps<\/strong>:&nbsp;<a href=\"https:\/\/maps.app.goo.gl\/H4D5jEkxELZ3vsiP6\">https:\/\/maps.app.goo.gl\/H4D5jEkxELZ3vsiP6<\/a><\/p>\n<p><strong>Anschrift<\/strong>: Pension May, Finkenweg 7, 97616 Bad Neustadt \/ OT Herschfeld<\/p>\n<p><strong>Nahverkehrsanbindungen<\/strong> <a href=\"https:\/\/www.stw-badnes.de\/de\/Nessi-Stadtbus\/Fahrplaene\/\" target=\"_blank\" rel=\"noopener\">Nessi-Bus<\/a> und <a href=\"https:\/\/www.bad-neustadt-erleben.de\/wp-content\/uploads\/Stadtplan_Bad_Neustadt.pdf\" target=\"_blank\" rel=\"noopener\">Stadtplan Bad Neustadt<\/a>.<\/p>\n<p><strong>Bushaltestelle<\/strong> &#8222;M\u00f6nchsweg&#8220; der Nessi 2 und 4 in nur 50 m Entfernung. Abfahrt st\u00fcndlich.<\/p>\n<p>&nbsp;<\/p>\n","protected":false},"excerpt":{"rendered":"<p>So finden Sie uns: In Bad Neustadt folgen Sie der Beschilderung &#8222;Rh\u00f6nklinikum&#8220; durch Herschfeld und biegen an der letzten Kreuzung vor dem Ortsausgang rechts in die Sportstra\u00dfe, nach weiteren 20 m links in den Finkenweg ab. Parkpl\u00e4tze und Unterstellm\u00f6glichkeiten f\u00fcr &hellip; <a href=\"https:\/\/pension-may.de\/pension\/?page_id=258\">Weiterlesen <span class=\"meta-nav\">&rarr;<\/span><\/a><\/p>\n","protected":false},"author":1,"featured_media":0,"parent":55,"menu_order":0,"comment_status":"closed","ping_status":"closed","template":"","meta":{"ngg_post_thumbnail":0,"footnotes":""},"class_list":["post-258","page","type-page","status-publish","hentry"],"_links":{"self":[{"href":"https:\/\/pension-may.de\/pension\/index.php?rest_route=\/wp\/v2\/pages\/258","targetHints":{"allow":["GET"]}}],"collection":[{"href":"https:\/\/pension-may.de\/pension\/index.php?rest_route=\/wp\/v2\/pages"}],"about":[{"href":"https:\/\/pension-may.de\/pension\/index.php?rest_route=\/wp\/v2\/types\/page"}],"author":[{"embeddable":true,"href":"https:\/\/pension-may.de\/pension\/index.php?rest_route=\/wp\/v2\/users\/1"}],"replies":[{"embeddable":true,"href":"https:\/\/pension-may.de\/pension\/index.php?rest_route=%2Fwp%2Fv2%2Fcomments&post=258"}],"version-history":[{"count":35,"href":"https:\/\/pension-may.de\/pension\/index.php?rest_route=\/wp\/v2\/pages\/258\/revisions"}],"predecessor-version":[{"id":1119,"href":"https:\/\/pension-may.de\/pension\/index.php?rest_route=\/wp\/v2\/pages\/258\/revisions\/1119"}],"up":[{"embeddable":true,"href":"https:\/\/pension-may.de\/pension\/index.php?rest_route=\/wp\/v2\/pages\/55"}],"wp:attachment":[{"href":"https:\/\/pension-may.de\/pension\/index.php?rest_route=%2Fwp%2Fv2%2Fmedia&parent=258"}],"curies":[{"name":"wp","href":"https:\/\/api.w.org\/{rel}","templated":true}]}}