{"id":104,"date":"2011-10-12T18:36:31","date_gmt":"2011-10-12T18:36:31","guid":{"rendered":"http:\/\/pension-may.de\/pension\/?page_id=104"},"modified":"2024-03-03T13:52:16","modified_gmt":"2024-03-03T12:52:16","slug":"unsere-region","status":"publish","type":"page","link":"https:\/\/pension-may.de\/pension\/?page_id=104","title":{"rendered":"Unsere Region"},"content":{"rendered":"<h1><span style=\"color: #333333;\">Die Rh\u00f6n&#8230; das sch\u00f6nste Mittelgebirge Deutschlands.<\/span><\/h1>\n<p>Der Name Rh\u00f6n d\u00fcrfte sicherlich vielen vertraut sein und bezeichnet dennoch etwas Entlegenes, Fremdes. Ein Mittelgebirge, dessen herbe Sch\u00f6nheit begeistern kann und dem Wanderer vieles zu bieten hat, verbirgt sich hinter dem schlichten Namen der Landschaft, von der viele noch nicht einmal die genaue Lage kennen.<\/p>\n<p>Mehr zum Thema RH\u00d6N finden Sie hier:<\/p>\n<p><a href=\"https:\/\/www.rhoen.info\" target=\"_blank\" rel=\"noopener\">www.rhoen.info<\/a><\/p>\n<p><img loading=\"lazy\" decoding=\"async\" class=\"alignleft size-thumbnail wp-image-182\" title=\"kreuzberg-03\" src=\"https:\/\/pension-may.de\/pension\/wp-content\/uploads\/2011\/10\/kreuzberg-03-150x150.jpg\" alt=\"\" width=\"150\" height=\"150\"\/><\/p>\n<p><img loading=\"lazy\" decoding=\"async\" class=\"alignleft size-thumbnail wp-image-189\" title=\"nixenteich-02\" src=\"https:\/\/pension-may.de\/pension\/wp-content\/uploads\/2011\/10\/nixenteich-02-150x150.jpg\" alt=\"\" width=\"150\" height=\"150\"\/><img loading=\"lazy\" decoding=\"async\" class=\"alignleft size-thumbnail wp-image-190\" title=\"salzburg-01\" src=\"https:\/\/pension-may.de\/pension\/wp-content\/uploads\/2011\/10\/salzburg-01-150x150.jpg\" alt=\"\" width=\"150\" height=\"150\"\/><\/p>\n","protected":false},"excerpt":{"rendered":"<p>Die Rh\u00f6n&#8230; das sch\u00f6nste Mittelgebirge Deutschlands. Der Name Rh\u00f6n d\u00fcrfte sicherlich vielen vertraut sein und bezeichnet dennoch etwas Entlegenes, Fremdes. Ein Mittelgebirge, dessen herbe Sch\u00f6nheit begeistern kann und dem Wanderer vieles zu bieten hat, verbirgt sich hinter dem schlichten Namen &hellip; <a href=\"https:\/\/pension-may.de\/pension\/?page_id=104\">Weiterlesen <span class=\"meta-nav\">&rarr;<\/span><\/a><\/p>\n","protected":false},"author":1,"featured_media":0,"parent":0,"menu_order":0,"comment_status":"closed","ping_status":"closed","template":"","meta":{"ngg_post_thumbnail":0,"footnotes":""},"class_list":["post-104","page","type-page","status-publish","hentry"],"_links":{"self":[{"href":"https:\/\/pension-may.de\/pension\/index.php?rest_route=\/wp\/v2\/pages\/104","targetHints":{"allow":["GET"]}}],"collection":[{"href":"https:\/\/pension-may.de\/pension\/index.php?rest_route=\/wp\/v2\/pages"}],"about":[{"href":"https:\/\/pension-may.de\/pension\/index.php?rest_route=\/wp\/v2\/types\/page"}],"author":[{"embeddable":true,"href":"https:\/\/pension-may.de\/pension\/index.php?rest_route=\/wp\/v2\/users\/1"}],"replies":[{"embeddable":true,"href":"https:\/\/pension-may.de\/pension\/index.php?rest_route=%2Fwp%2Fv2%2Fcomments&post=104"}],"version-history":[{"count":19,"href":"https:\/\/pension-may.de\/pension\/index.php?rest_route=\/wp\/v2\/pages\/104\/revisions"}],"predecessor-version":[{"id":1121,"href":"https:\/\/pension-may.de\/pension\/index.php?rest_route=\/wp\/v2\/pages\/104\/revisions\/1121"}],"wp:attachment":[{"href":"https:\/\/pension-may.de\/pension\/index.php?rest_route=%2Fwp%2Fv2%2Fmedia&parent=104"}],"curies":[{"name":"wp","href":"https:\/\/api.w.org\/{rel}","templated":true}]}}