{"id":101,"date":"2011-10-12T18:35:16","date_gmt":"2011-10-12T18:35:16","guid":{"rendered":"http:\/\/pension-may.de\/pension\/?page_id=101"},"modified":"2024-03-03T14:00:51","modified_gmt":"2024-03-03T13:00:51","slug":"freizeit-sport","status":"publish","type":"page","link":"https:\/\/pension-may.de\/pension\/?page_id=101","title":{"rendered":"Freizeit &#038; Sport"},"content":{"rendered":"<h1><span style=\"color: #333333;\">Das Freizeit- und Sportangebot l\u00e4sst keine W\u00fcnsche offen.<\/span><\/h1>\n<p>Faszinierend sch\u00f6ne Rad- und Wanderwege durchkreuzen eine pr\u00e4chtige Naturlandschaft, eingebettet zwischen den beiden Mittelgebirgen der Rh\u00f6n und des Th\u00fcringer Waldes. Ausflugsziele sind z.B. das Schwarze Moor, die Wasserkuppe, der Kreuzberg, die Salzburg in Bad Neustadt, das Freilandmuseum in Fladungen, der bekannte Kurort Bad Kissingen, die Wartburg in Eisenach oder die Barockstadt Fulda.<br \/>\nIm Winter k\u00f6nnen Sie in kristallklarer Luft verschneite H\u00e4nge hinunterschwingen oder sich auf kilometerlangen Loipen Kondition und neue Kraft verschaffen.<\/p>\n<p><a href=\"https:\/\/www.rhoenfuehrer.de\/\" target=\"_blank\" rel=\"noopener\">Rh\u00f6n &#8211; Infoportal<\/a><\/p>\n<p><a href=\"https:\/\/www.maria-bildhausen.de\/\" target=\"_blank\" rel=\"noopener\">Golfplatz &#8211; Maria-Bildhausen<\/a><\/p>\n<p><a href=\"https:\/\/www.triamare.de\/\" target=\"_blank\" rel=\"noopener\">Triamare &#8211; Erlebnisbad<\/a><\/p>\n<p><a href=\"https:\/\/www.kisssalis.de\/\" target=\"_blank\" rel=\"noopener\">Kisssalis &#8211; Therme Bad Kissingen<\/a><\/p>\n<p><a href=\"https:\/\/www.frankentherme.de\/\" target=\"_blank\" rel=\"noopener\">Frankentherme<\/a><\/p>\n<p>&nbsp;<\/p>\n","protected":false},"excerpt":{"rendered":"<p>Das Freizeit- und Sportangebot l\u00e4sst keine W\u00fcnsche offen. Faszinierend sch\u00f6ne Rad- und Wanderwege durchkreuzen eine pr\u00e4chtige Naturlandschaft, eingebettet zwischen den beiden Mittelgebirgen der Rh\u00f6n und des Th\u00fcringer Waldes. Ausflugsziele sind z.B. das Schwarze Moor, die Wasserkuppe, der Kreuzberg, die Salzburg &hellip; <a href=\"https:\/\/pension-may.de\/pension\/?page_id=101\">Weiterlesen <span class=\"meta-nav\">&rarr;<\/span><\/a><\/p>\n","protected":false},"author":1,"featured_media":0,"parent":0,"menu_order":0,"comment_status":"closed","ping_status":"closed","template":"","meta":{"ngg_post_thumbnail":0,"footnotes":""},"class_list":["post-101","page","type-page","status-publish","hentry"],"_links":{"self":[{"href":"https:\/\/pension-may.de\/pension\/index.php?rest_route=\/wp\/v2\/pages\/101","targetHints":{"allow":["GET"]}}],"collection":[{"href":"https:\/\/pension-may.de\/pension\/index.php?rest_route=\/wp\/v2\/pages"}],"about":[{"href":"https:\/\/pension-may.de\/pension\/index.php?rest_route=\/wp\/v2\/types\/page"}],"author":[{"embeddable":true,"href":"https:\/\/pension-may.de\/pension\/index.php?rest_route=\/wp\/v2\/users\/1"}],"replies":[{"embeddable":true,"href":"https:\/\/pension-may.de\/pension\/index.php?rest_route=%2Fwp%2Fv2%2Fcomments&post=101"}],"version-history":[{"count":57,"href":"https:\/\/pension-may.de\/pension\/index.php?rest_route=\/wp\/v2\/pages\/101\/revisions"}],"predecessor-version":[{"id":1124,"href":"https:\/\/pension-may.de\/pension\/index.php?rest_route=\/wp\/v2\/pages\/101\/revisions\/1124"}],"wp:attachment":[{"href":"https:\/\/pension-may.de\/pension\/index.php?rest_route=%2Fwp%2Fv2%2Fmedia&parent=101"}],"curies":[{"name":"wp","href":"https:\/\/api.w.org\/{rel}","templated":true}]}}